{"id":568,"date":"2019-11-05T14:01:54","date_gmt":"2019-11-05T13:01:54","guid":{"rendered":"http:\/\/ade-em.com.pl\/?page_id=568"},"modified":"2020-01-27T12:23:21","modified_gmt":"2020-01-27T11:23:21","slug":"strefa-klienta","status":"publish","type":"page","link":"https:\/\/ade-em.com.pl\/index.php\/strefa-klienta\/","title":{"rendered":"Strefa klienta"},"content":{"rendered":"<p>[et_pb_section fb_built=&#8221;1&#8243; _builder_version=&#8221;4.0.2&#8243; custom_padding=&#8221;||33px|||&#8221;][et_pb_row _builder_version=&#8221;4.0.2&#8243;][et_pb_column type=&#8221;4_4&#8243; _builder_version=&#8221;4.0.2&#8243;][et_pb_text admin_label=&#8221;Tittle&#8221; module_id=&#8221;dokumenty&#8221; _builder_version=&#8221;3.27.4&#8243; text_font=&#8221;||||||||&#8221; header_font=&#8221;|||on|||||&#8221; header_text_align=&#8221;center&#8221; header_2_font=&#8221;Oswald|||on|||||&#8221; header_2_text_align=&#8221;center&#8221; header_2_font_size=&#8221;40px&#8221; header_2_letter_spacing=&#8221;2px&#8221; header_2_line_height=&#8221;1.5em&#8221; background_layout=&#8221;dark&#8221; max_width=&#8221;1127px&#8221; module_alignment=&#8221;center&#8221; custom_margin=&#8221;|330px|19px|||&#8221; custom_padding=&#8221;|0px||||&#8221;]<\/p>\n<h2><span style=\"color: #333333;\">kartoteka online<\/span><\/h2>\n<p>[\/et_pb_text][et_pb_button button_url=&#8221;https:\/\/kartotekaonline.pl\/&#8221; button_text=&#8221;Zaloguj si\u0119&#8221; button_alignment=&#8221;center&#8221; _builder_version=&#8221;4.0.2&#8243; custom_button=&#8221;on&#8221; button_text_color=&#8221;#ffffff&#8221; button_bg_color=&#8221;#0c71c3&#8243; button_border_color=&#8221;#000000&#8243; button_icon_color=&#8221;#ffffff&#8221; custom_margin=&#8221;50px|||||&#8221; button_text_shadow_style=&#8221;preset2&#8243; button_text_shadow_color=&#8221;#000000&#8243;][\/et_pb_button][\/et_pb_column][\/et_pb_row][\/et_pb_section][et_pb_section fb_built=&#8221;1&#8243; _builder_version=&#8221;3.26.6&#8243; custom_padding=&#8221;1px|||||&#8221;][et_pb_row _builder_version=&#8221;3.26.6&#8243; custom_margin=&#8221;30px|auto||auto||&#8221; custom_padding=&#8221;||2px|||&#8221;][et_pb_column type=&#8221;4_4&#8243; _builder_version=&#8221;3.26.6&#8243;][et_pb_text admin_label=&#8221;Tittle&#8221; module_id=&#8221;dokumenty&#8221; _builder_version=&#8221;3.27.4&#8243; text_font=&#8221;||||||||&#8221; header_font=&#8221;|||on|||||&#8221; header_text_align=&#8221;center&#8221; header_2_font=&#8221;Oswald|||on|||||&#8221; header_2_text_align=&#8221;center&#8221; header_2_font_size=&#8221;40px&#8221; header_2_letter_spacing=&#8221;2px&#8221; header_2_line_height=&#8221;1.5em&#8221; background_layout=&#8221;dark&#8221; max_width=&#8221;1127px&#8221; module_alignment=&#8221;center&#8221; custom_margin=&#8221;|330px|19px|||&#8221; custom_padding=&#8221;|0px||||&#8221;]<\/p>\n<h2><span style=\"color: #333333;\">przydatne dokumenty<\/span><\/h2>\n<p>[\/et_pb_text][\/et_pb_column][\/et_pb_row][et_pb_row column_structure=&#8221;1_2,1_2&#8243; _builder_version=&#8221;3.26.6&#8243;][et_pb_column type=&#8221;1_2&#8243; _builder_version=&#8221;3.26.6&#8243;][et_pb_button button_url=&#8221;http:\/\/ade-em.com.pl\/wp-content\/uploads\/2020\/01\/Wa\u017cne-telefony.pdf&#8221; button_text=&#8221;Wa\u017cne telefony&#8221; button_alignment=&#8221;center&#8221; _builder_version=&#8221;4.0.2&#8243; custom_button=&#8221;on&#8221; button_border_width=&#8221;0px&#8221; hover_enabled=&#8221;0&#8243;][\/et_pb_button][et_pb_button button_url=&#8221;http:\/\/ade-em.com.pl\/wp-content\/uploads\/2020\/01\/O\u015bwiadczenie-w\u0142a\u015bciciela-lokalu.pdf&#8221; button_text=&#8221;O\u015bwiadczenie w\u0142a\u015bciciela lokalu&#8221; button_alignment=&#8221;center&#8221; _builder_version=&#8221;4.0.2&#8243; custom_button=&#8221;on&#8221; button_border_width=&#8221;0px&#8221; hover_enabled=&#8221;0&#8243;][\/et_pb_button][et_pb_button button_url=&#8221;http:\/\/ade-em.com.pl\/wp-content\/uploads\/2020\/01\/Zasady-selektywnej-zbi\u00f3rki-odpad\u00f3w.pdf&#8221; button_text=&#8221;Zasady selektywnej zbi\u00f3rki odpad\u00f3w&#8221; button_alignment=&#8221;center&#8221; _builder_version=&#8221;4.0.2&#8243; custom_button=&#8221;on&#8221; button_border_width=&#8221;0px&#8221; hover_enabled=&#8221;0&#8243;][\/et_pb_button][\/et_pb_column][et_pb_column type=&#8221;1_2&#8243; _builder_version=&#8221;3.26.6&#8243;][et_pb_button button_url=&#8221;http:\/\/ade-em.com.pl\/wp-content\/uploads\/2020\/01\/Pe\u0142nomocnictwo-do-zebra\u0144-Wsp\u00f3lnoty.pdf&#8221; button_text=&#8221;Pe\u0142nomocnictwo do zebra\u0144 Wsp\u00f3lnoty&#8221; button_alignment=&#8221;center&#8221; _builder_version=&#8221;4.0.2&#8243; custom_button=&#8221;on&#8221; button_border_width=&#8221;0px&#8221; button_border_radius=&#8221;0px&#8221; button_letter_spacing=&#8221;0px&#8221; hover_enabled=&#8221;0&#8243;][\/et_pb_button][et_pb_button button_url=&#8221;http:\/\/ade-em.com.pl\/wp-content\/uploads\/2020\/01\/O\u015bwiadczenie-najemcy-lokalu-ZNK.pdf&#8221; button_text=&#8221;O\u015bwiadczenie najemcy lokalu (ZNK)&#8221; button_alignment=&#8221;center&#8221; _builder_version=&#8221;4.0.2&#8243; custom_button=&#8221;on&#8221; button_border_width=&#8221;0px&#8221; hover_enabled=&#8221;0&#8243;][\/et_pb_button][et_pb_button button_url=&#8221;http:\/\/ade-em.com.pl\/wp-content\/uploads\/2020\/01\/Wniosek-o-przyznanie-dodatku-mieszkaniowego.pdf&#8221; button_text=&#8221;Wniosek o przyznanie dodatku mieszkaniowego&#8221; button_alignment=&#8221;center&#8221; _builder_version=&#8221;4.0.2&#8243; custom_button=&#8221;on&#8221; button_border_width=&#8221;0px&#8221; hover_enabled=&#8221;0&#8243;][\/et_pb_button][\/et_pb_column][\/et_pb_row][\/et_pb_section][et_pb_section fb_built=&#8221;1&#8243; _builder_version=&#8221;4.0.2&#8243;][et_pb_row _builder_version=&#8221;4.0.2&#8243;][et_pb_column type=&#8221;4_4&#8243; _builder_version=&#8221;4.0.2&#8243;][et_pb_blurb image=&#8221;http:\/\/ade-em.com.pl\/wp-content\/uploads\/2019\/11\/vote-4461710_1280.jpg&#8221; content_max_width=&#8221;907px&#8221; _builder_version=&#8221;4.0.2&#8243; hover_enabled=&#8221;0&#8243;]<\/p>\n<h3 style=\"text-align: center;\"><strong>Podziel si\u0119 opini\u0105<\/strong><\/h3>\n<p><strong><\/strong><\/p>\n<p><strong><\/strong><\/p>\n<h3><\/h3>\n<h3>Masz jakie\u015b uwagi, pytania? &#8211; napisz na <a href=\"mailto:info@ade-em.com.pl\">info@ade-em.com.pl<\/a><\/h3>\n<p>[\/et_pb_blurb][\/et_pb_column][\/et_pb_row][\/et_pb_section]<\/p>\n","protected":false},"excerpt":{"rendered":"<p>kartoteka onlineprzydatne dokumentyPodziel si\u0119 opini\u0105 Masz jakie\u015b uwagi, pytania? &#8211; napisz na info@ade-em.com.pl<\/p>\n","protected":false},"author":1,"featured_media":0,"parent":0,"menu_order":0,"comment_status":"closed","ping_status":"closed","template":"","meta":{"_et_pb_use_builder":"on","_et_pb_old_content":"","_et_gb_content_width":""},"yoast_head":"<!-- This site is optimized with the Yoast SEO plugin v19.13 - https:\/\/yoast.com\/wordpress\/plugins\/seo\/ -->\n<title>Strefa klienta - ADE-EM Centrum<\/title>\n<meta name=\"robots\" content=\"index, follow, max-snippet:-1, max-image-preview:large, max-video-preview:-1\" \/>\n<link rel=\"canonical\" href=\"https:\/\/ade-em.com.pl\/index.php\/strefa-klienta\/\" \/>\n<meta property=\"og:locale\" content=\"pl_PL\" \/>\n<meta property=\"og:type\" content=\"article\" \/>\n<meta property=\"og:title\" content=\"Strefa klienta - ADE-EM Centrum\" \/>\n<meta property=\"og:description\" content=\"kartoteka onlineprzydatne dokumentyPodziel si\u0119 opini\u0105 Masz jakie\u015b uwagi, pytania? - napisz na info@ade-em.com.pl\" \/>\n<meta property=\"og:url\" content=\"https:\/\/ade-em.com.pl\/index.php\/strefa-klienta\/\" \/>\n<meta property=\"og:site_name\" content=\"ADE-EM Centrum\" \/>\n<meta property=\"article:modified_time\" content=\"2020-01-27T11:23:21+00:00\" \/>\n<meta name=\"twitter:card\" content=\"summary_large_image\" \/>\n<meta name=\"twitter:label1\" content=\"Szacowany czas czytania\" \/>\n\t<meta name=\"twitter:data1\" content=\"3 minuty\" \/>\n<script type=\"application\/ld+json\" class=\"yoast-schema-graph\">{\"@context\":\"https:\/\/schema.org\",\"@graph\":[{\"@type\":\"WebPage\",\"@id\":\"https:\/\/ade-em.com.pl\/index.php\/strefa-klienta\/\",\"url\":\"https:\/\/ade-em.com.pl\/index.php\/strefa-klienta\/\",\"name\":\"Strefa klienta - ADE-EM Centrum\",\"isPartOf\":{\"@id\":\"https:\/\/ade-em.com.pl\/#website\"},\"datePublished\":\"2019-11-05T13:01:54+00:00\",\"dateModified\":\"2020-01-27T11:23:21+00:00\",\"breadcrumb\":{\"@id\":\"https:\/\/ade-em.com.pl\/index.php\/strefa-klienta\/#breadcrumb\"},\"inLanguage\":\"pl-PL\",\"potentialAction\":[{\"@type\":\"ReadAction\",\"target\":[\"https:\/\/ade-em.com.pl\/index.php\/strefa-klienta\/\"]}]},{\"@type\":\"BreadcrumbList\",\"@id\":\"https:\/\/ade-em.com.pl\/index.php\/strefa-klienta\/#breadcrumb\",\"itemListElement\":[{\"@type\":\"ListItem\",\"position\":1,\"name\":\"Strona g\u0142\u00f3wna\",\"item\":\"https:\/\/ade-em.com.pl\/\"},{\"@type\":\"ListItem\",\"position\":2,\"name\":\"Strefa klienta\"}]},{\"@type\":\"WebSite\",\"@id\":\"https:\/\/ade-em.com.pl\/#website\",\"url\":\"https:\/\/ade-em.com.pl\/\",\"name\":\"ADE-EM Centrum\",\"description\":\"Zarz\u0105dzanie nieruchomo\u015bciami\",\"potentialAction\":[{\"@type\":\"SearchAction\",\"target\":{\"@type\":\"EntryPoint\",\"urlTemplate\":\"https:\/\/ade-em.com.pl\/?s={search_term_string}\"},\"query-input\":\"required name=search_term_string\"}],\"inLanguage\":\"pl-PL\"}]}<\/script>\n<!-- \/ Yoast SEO plugin. -->","yoast_head_json":{"title":"Strefa klienta - ADE-EM Centrum","robots":{"index":"index","follow":"follow","max-snippet":"max-snippet:-1","max-image-preview":"max-image-preview:large","max-video-preview":"max-video-preview:-1"},"canonical":"https:\/\/ade-em.com.pl\/index.php\/strefa-klienta\/","og_locale":"pl_PL","og_type":"article","og_title":"Strefa klienta - ADE-EM Centrum","og_description":"kartoteka onlineprzydatne dokumentyPodziel si\u0119 opini\u0105 Masz jakie\u015b uwagi, pytania? - napisz na info@ade-em.com.pl","og_url":"https:\/\/ade-em.com.pl\/index.php\/strefa-klienta\/","og_site_name":"ADE-EM Centrum","article_modified_time":"2020-01-27T11:23:21+00:00","twitter_card":"summary_large_image","twitter_misc":{"Szacowany czas czytania":"3 minuty"},"schema":{"@context":"https:\/\/schema.org","@graph":[{"@type":"WebPage","@id":"https:\/\/ade-em.com.pl\/index.php\/strefa-klienta\/","url":"https:\/\/ade-em.com.pl\/index.php\/strefa-klienta\/","name":"Strefa klienta - ADE-EM Centrum","isPartOf":{"@id":"https:\/\/ade-em.com.pl\/#website"},"datePublished":"2019-11-05T13:01:54+00:00","dateModified":"2020-01-27T11:23:21+00:00","breadcrumb":{"@id":"https:\/\/ade-em.com.pl\/index.php\/strefa-klienta\/#breadcrumb"},"inLanguage":"pl-PL","potentialAction":[{"@type":"ReadAction","target":["https:\/\/ade-em.com.pl\/index.php\/strefa-klienta\/"]}]},{"@type":"BreadcrumbList","@id":"https:\/\/ade-em.com.pl\/index.php\/strefa-klienta\/#breadcrumb","itemListElement":[{"@type":"ListItem","position":1,"name":"Strona g\u0142\u00f3wna","item":"https:\/\/ade-em.com.pl\/"},{"@type":"ListItem","position":2,"name":"Strefa klienta"}]},{"@type":"WebSite","@id":"https:\/\/ade-em.com.pl\/#website","url":"https:\/\/ade-em.com.pl\/","name":"ADE-EM Centrum","description":"Zarz\u0105dzanie nieruchomo\u015bciami","potentialAction":[{"@type":"SearchAction","target":{"@type":"EntryPoint","urlTemplate":"https:\/\/ade-em.com.pl\/?s={search_term_string}"},"query-input":"required name=search_term_string"}],"inLanguage":"pl-PL"}]}},"_links":{"self":[{"href":"https:\/\/ade-em.com.pl\/index.php\/wp-json\/wp\/v2\/pages\/568"}],"collection":[{"href":"https:\/\/ade-em.com.pl\/index.php\/wp-json\/wp\/v2\/pages"}],"about":[{"href":"https:\/\/ade-em.com.pl\/index.php\/wp-json\/wp\/v2\/types\/page"}],"author":[{"embeddable":true,"href":"https:\/\/ade-em.com.pl\/index.php\/wp-json\/wp\/v2\/users\/1"}],"replies":[{"embeddable":true,"href":"https:\/\/ade-em.com.pl\/index.php\/wp-json\/wp\/v2\/comments?post=568"}],"version-history":[{"count":8,"href":"https:\/\/ade-em.com.pl\/index.php\/wp-json\/wp\/v2\/pages\/568\/revisions"}],"predecessor-version":[{"id":745,"href":"https:\/\/ade-em.com.pl\/index.php\/wp-json\/wp\/v2\/pages\/568\/revisions\/745"}],"wp:attachment":[{"href":"https:\/\/ade-em.com.pl\/index.php\/wp-json\/wp\/v2\/media?parent=568"}],"curies":[{"name":"wp","href":"https:\/\/api.w.org\/{rel}","templated":true}]}}